{"id":230,"date":"2015-09-12T12:38:55","date_gmt":"2015-09-12T10:38:55","guid":{"rendered":"http:\/\/www.tiyewebdesigner.it\/AreaClienti\/MemoriaeMetodo\/?page_id=230"},"modified":"2022-09-27T20:18:49","modified_gmt":"2022-09-27T18:18:49","slug":"memo-over-60","status":"publish","type":"page","link":"https:\/\/www.memoriaemetodo.it\/corsi_tecniche_di_memoria\/memo-over-60\/","title":{"rendered":"Memo Over 60"},"content":{"rendered":"<p><img loading=\"lazy\" decoding=\"async\" class=\"wp-image-631 size-medium alignleft\" src=\"http:\/\/www.memoriaemetodo.it\/corsi_tecniche_di_memoria\/wp-content\/uploads\/2016\/09\/alzheimer-anziani1-300x237.jpg\" alt=\"alzheimer-anziani1\" width=\"300\" height=\"237\" srcset=\"https:\/\/www.memoriaemetodo.it\/corsi_tecniche_di_memoria\/wp-content\/uploads\/2016\/09\/alzheimer-anziani1-300x237.jpg 300w, https:\/\/www.memoriaemetodo.it\/corsi_tecniche_di_memoria\/wp-content\/uploads\/2016\/09\/alzheimer-anziani1.jpg 390w\" sizes=\"auto, (max-width: 300px) 100vw, 300px\" \/>Vi \u00e8 successo di non trovare le chiavi o il cellulare? Entrare in una stanza e dire \u201cma cosa ero venuto a fare?\u201d, Incontrare una persona e non ricordarne il nome? Dimenticare una scadenza o un appuntamento? Tutto questo non \u00e8 dovuto all\u2019et\u00e0, ma a come viene usata la nostra memoria e l\u2019atteggiamento con cui affrontiamo la vita di tutti i giorni. Il corso M&amp;M OVER 60 vi aiuter\u00e0 a superare queste difficolt\u00e0 e dare pi\u00f9 fiducia alle vostre capacit\u00e0, magari semplicemente un po\u2019 fuori allenamento.<\/p>\n<p><strong>PROGRAMMA DEL CORSO <\/strong><\/p>\n<p>\u2022 Memoria e Atteggiamento<br \/>\n\u2022 Le caratteristiche della memoria<br \/>\n\u2022 La Memoria e l\u2019Et\u00e0<br \/>\n\u2022 Tecniche di memoria per la vita quotidiana<br \/>\n\u2022 Applicazioni pratiche: la lista della spesa, nomi delle persone, scadenze e appuntamenti, lingue straniere<br \/>\n\u2022 Il rilassamento e il sonno<\/p>\n<p><strong>STRUTTURA DEL CORSO <\/strong><\/p>\n<p>6 ORE articolate in due lezioni -\u00ad dalle 9,30 alle 12,30<\/p>\n<p><strong>SERVIZI E GARANZIE <\/strong><\/p>\n<p>Rifrequenza gratuita del corso a vita: possibilit\u00e0 di rifrequentare tutte le edizioni del corso ovunque tenute.<\/p>\n<p><a href=\"http:\/\/www.memoriaemetodo.it\/corsi_tecniche_di_memoria\/listino-prezzi\/\">LISTINO PREZZI<\/a> &#8211; <a href=\"https:\/\/www.memoriaemetodo.it\/corsi_tecniche_di_memoria\/wp-content\/uploads\/2022\/09\/MODULO-DI-ISCRIZIONE-rev02.pdf\" target=\"_blank\" rel=\"noopener\">MODULO DI ISCRIZIONE<\/a><\/p>\n","protected":false},"excerpt":{"rendered":"<p> <a class=\"more-link\" href=\"https:\/\/www.memoriaemetodo.it\/corsi_tecniche_di_memoria\/memo-over-60\/\">Continua a leggere &#8230;<\/a><\/p>\n","protected":false},"author":1,"featured_media":0,"parent":0,"menu_order":0,"comment_status":"closed","ping_status":"closed","template":"","meta":{"footnotes":""},"class_list":["post-230","page","type-page","status-publish","hentry"],"_links":{"self":[{"href":"https:\/\/www.memoriaemetodo.it\/corsi_tecniche_di_memoria\/wp-json\/wp\/v2\/pages\/230","targetHints":{"allow":["GET"]}}],"collection":[{"href":"https:\/\/www.memoriaemetodo.it\/corsi_tecniche_di_memoria\/wp-json\/wp\/v2\/pages"}],"about":[{"href":"https:\/\/www.memoriaemetodo.it\/corsi_tecniche_di_memoria\/wp-json\/wp\/v2\/types\/page"}],"author":[{"embeddable":true,"href":"https:\/\/www.memoriaemetodo.it\/corsi_tecniche_di_memoria\/wp-json\/wp\/v2\/users\/1"}],"replies":[{"embeddable":true,"href":"https:\/\/www.memoriaemetodo.it\/corsi_tecniche_di_memoria\/wp-json\/wp\/v2\/comments?post=230"}],"version-history":[{"count":4,"href":"https:\/\/www.memoriaemetodo.it\/corsi_tecniche_di_memoria\/wp-json\/wp\/v2\/pages\/230\/revisions"}],"predecessor-version":[{"id":1207,"href":"https:\/\/www.memoriaemetodo.it\/corsi_tecniche_di_memoria\/wp-json\/wp\/v2\/pages\/230\/revisions\/1207"}],"wp:attachment":[{"href":"https:\/\/www.memoriaemetodo.it\/corsi_tecniche_di_memoria\/wp-json\/wp\/v2\/media?parent=230"}],"curies":[{"name":"wp","href":"https:\/\/api.w.org\/{rel}","templated":true}]}}