{"id":224,"date":"2015-09-12T12:32:46","date_gmt":"2015-09-12T10:32:46","guid":{"rendered":"http:\/\/www.tiyewebdesigner.it\/AreaClienti\/MemoriaeMetodo\/?page_id=224"},"modified":"2019-11-14T13:50:23","modified_gmt":"2019-11-14T12:50:23","slug":"chi-sono","status":"publish","type":"page","link":"https:\/\/www.memoriaemetodo.it\/corsi_tecniche_di_memoria\/chi-sono\/","title":{"rendered":"Chi \u00e8 Mara Bonucci"},"content":{"rendered":"<p><strong>MASTER TRAINER<\/strong><\/p>\n<p style=\"text-align: justify;\">La Dott.ssa Mara Bonucci \u00e8 laureata in Scienze dell\u2019Educazione indirizzo Esperti di Processi di Formazione c\/o UNIVERSIT\u00c0 degli STUDI di FIRENZE Facolt\u00e0 di Scienze della Formazione con\u00a0 110\/110 e Lode.<\/p>\n<p style=\"text-align: justify;\"><strong>\u00a0<\/strong>\u00c8 da sempre un\u2019appassionata di formazione e crescita personale, in modo particolare della capacit\u00e0 che ha la mente di memorizzare e schematizzare le informazioni.<\/p>\n<p style=\"text-align: justify;\">Ha iniziato il suo percorso formativo, applicando subito gli strumenti appresi, nel 1994; \u00e8 una delle prime donne che ha portato la disciplina sulle Tecniche di Memoria e Metodo di studio in Italia.<\/p>\n<p style=\"text-align: justify;\">Ha frequentato vari corsi in Programmazione Neuro-Linguistica, Leadership e motivazione collaborando attivamente con societ\u00e0 di formazione molto conosciute sul panorama italiano.<\/p>\n<p style=\"text-align: justify;\">Con 20 anni di esperienza, pi\u00f9 di 400 corsi erogati e oltre 15000 ore d\u2019aula, oggi, le sue consulenze, vengono richieste quotidianamente da professionisti, per migliorare le loro capacit\u00e0 di sintesi e di speaker durante le riunioni, conferenze di lavoro; da studenti di ogni et\u00e0, per scoprire il proprio metodo di studio, per memorizzare facilmente, per superare interrogazioni ed esami serenamente.<\/p>\n<p style=\"text-align: justify;\">A Luglio 2015 sono usciti i suoi libri <a href=\"http:\/\/www.memoriaemetodo.it\/corsi_tecniche_di_memoria\/libreria-on-line\/\">\u201cMEMORIA &amp; METODO\u201d e \u201cLETTURA &amp; METODO\u201d<\/a>\u00a0 &#8211; Casa Editrice In Mind.<\/p>\n<hr \/>\n<p style=\"text-align: justify;\"><strong>Leggi l&#8217;esperienza personale di Mara Bonucci&#8230;<\/strong><\/p>\n<p style=\"text-align: justify;\">Dopo il liceo scientifico decisi di affrontare la facolt\u00e0 di chimica. La scelta per\u00f2 era avvenuta per esclusione, nel senso che avevo eliminato a priori le facolt\u00e0 in cui c\u2019erano da sostenere esami di filosofia e lettere (avevo avuto dei professori che me le avevano fatte odiare). Ho cominciato con molto entusiasmo che nel giro di pochi mesi \u00e8 andato perso perch\u00e9 non riuscivo a prepararmi nel modo corretto agli esami. Nel mio libretto sono comparsi i primi voti: 21-21-19\u2026 e l\u2019insicurezza si \u00e8 impadronita di me a tal punto che andavo agli esami sperando di prendere al massimo 24\/30.<\/p>\n<p style=\"text-align: justify;\">E&#8217; stato al secondo anno che ho assistito ad una serata sulle tecniche di memoria e sono rimasta esterrefatta da quello che ho visto. C&#8217;erano 2 ragazzi che seduti ad occhi chiusi hanno memorizzato 30 parole e poi le sapevano dire collegandole al numero, un altro che aveva studiato 30 pagine di una rivista e se chiedevamo il numero della pagina lui sapeva cosa c&#8217;era scritto&#8230;<\/p>\n<p style=\"text-align: justify;\">In quel periodo studiavo per l&#8217;esame di chimica qualitativa e dovevo imparare a memoria una serie di procedure di laboratorio. Tutti i giorni le studiavo e il giorno dopo nel ripeterle mi confondevo sempre o perdevo dei pezzi.<\/p>\n<p style=\"text-align: justify;\">Decisi di partecipare al corso e dopo 2 giorni full immersion, il luned\u00ec della settimana successiva memorizzai con le nuove tecniche e mi sentii finalmente di nuovo sicura di me. All&#8217;esame presi 27\/30, il voto pi\u00f9 alto fino a quel momento. Ho fatto altri esami in chimica, sono arrivata al 4\u00b0 anno con 15 esami superati ma sentivo che mancava qualcosa.<\/p>\n<p style=\"text-align: justify;\">Nel frattempo avevo iniziato a collaborare con l&#8217;associazione culturale che aveva tenuto il corso (i cui soci fondatori Roberto Re, Livio Sgarbi e Roberto Pesce sono attualmente divenuti grandi formatori in Italia) e mi stavo appassionando allo sviluppo delle capacit\u00e0 personali e per questo decisi di cambiare facolt\u00e0 passando a scienze dell&#8217;educazione (ovviamente non mi hanno tenuti buoni gli esami di chimica) e ricominciando da capo. Ma stavolta avevo le tecniche di memoria e il metodo di studio dalla mia parte: ho studiato a Firenze ma in quel periodo per lavoro mi ero trasferita a Varese e sono riuscita a laurearmi restando in pari con gli esami preparando programmi di circa 1000 pagine in 5\/10 gg e ottenendo la votazione finale di 110\/110 e lode.<\/p>\n<p style=\"text-align: justify;\">Lavoro nel settore della formazione dal 1994 ed ho avuto modo di entrare in contatto con tantissime persone di et\u00e0, cultura ed estrazione sociale diverse, accomunate dalla voglia di migliorare la loro vita. Credo fortemente che gli esseri umani siano nati per progredire e migliorare , che non esistano persone portate per lo studio e altre no e che a volte basta poco per cambiare. Ero una persona timida e ora tengo corsi sul parlare in pubblico\u2026. Vi basta?<\/p>\n<p><a href=\"https:\/\/www.memoriaemetodo.it\/corsi_tecniche_di_memoria\/wp-content\/uploads\/2015\/09\/CV-Dottssa-Mara-Bonucci-2019.pdf\">CV Dottssa Mara Bonucci<\/a><\/p>\n<p><a href=\"http:\/\/www.memoriaemetodo.it\/corsi_tecniche_di_memoria\/wp-content\/uploads\/2015\/09\/incarichi-professionali-cfp.pdf\">Incarichi Professionali<\/a><\/p>\n","protected":false},"excerpt":{"rendered":"<p> <a class=\"more-link\" href=\"https:\/\/www.memoriaemetodo.it\/corsi_tecniche_di_memoria\/chi-sono\/\">Continua a leggere &#8230;<\/a><\/p>\n","protected":false},"author":1,"featured_media":10,"parent":0,"menu_order":0,"comment_status":"closed","ping_status":"closed","template":"","meta":{"footnotes":""},"class_list":["post-224","page","type-page","status-publish","has-post-thumbnail","hentry"],"_links":{"self":[{"href":"https:\/\/www.memoriaemetodo.it\/corsi_tecniche_di_memoria\/wp-json\/wp\/v2\/pages\/224","targetHints":{"allow":["GET"]}}],"collection":[{"href":"https:\/\/www.memoriaemetodo.it\/corsi_tecniche_di_memoria\/wp-json\/wp\/v2\/pages"}],"about":[{"href":"https:\/\/www.memoriaemetodo.it\/corsi_tecniche_di_memoria\/wp-json\/wp\/v2\/types\/page"}],"author":[{"embeddable":true,"href":"https:\/\/www.memoriaemetodo.it\/corsi_tecniche_di_memoria\/wp-json\/wp\/v2\/users\/1"}],"replies":[{"embeddable":true,"href":"https:\/\/www.memoriaemetodo.it\/corsi_tecniche_di_memoria\/wp-json\/wp\/v2\/comments?post=224"}],"version-history":[{"count":5,"href":"https:\/\/www.memoriaemetodo.it\/corsi_tecniche_di_memoria\/wp-json\/wp\/v2\/pages\/224\/revisions"}],"predecessor-version":[{"id":1140,"href":"https:\/\/www.memoriaemetodo.it\/corsi_tecniche_di_memoria\/wp-json\/wp\/v2\/pages\/224\/revisions\/1140"}],"wp:featuredmedia":[{"embeddable":true,"href":"https:\/\/www.memoriaemetodo.it\/corsi_tecniche_di_memoria\/wp-json\/wp\/v2\/media\/10"}],"wp:attachment":[{"href":"https:\/\/www.memoriaemetodo.it\/corsi_tecniche_di_memoria\/wp-json\/wp\/v2\/media?parent=224"}],"curies":[{"name":"wp","href":"https:\/\/api.w.org\/{rel}","templated":true}]}}