{"id":153,"date":"2015-08-29T19:03:49","date_gmt":"2015-08-29T17:03:49","guid":{"rendered":"http:\/\/www.tiyewebdesigner.it\/AreaClienti\/MemoriaeMetodo\/?page_id=153"},"modified":"2016-09-21T10:40:19","modified_gmt":"2016-09-21T08:40:19","slug":"test-iniziale-di-lettura","status":"publish","type":"page","link":"https:\/\/www.memoriaemetodo.it\/corsi_tecniche_di_memoria\/test-iniziale-di-lettura\/","title":{"rendered":"Test iniziale di lettura"},"content":{"rendered":"<p>Prendi il cronometro e leggi il testo che segue in modo rilassato, come se tu stessi leggendo un libro di piacere in un momento libero della giornata. Fai in modo di limitare le distrazioni esterne per i prossimi 15 minuti.<\/p>\n<p><img loading=\"lazy\" decoding=\"async\" class=\"alignnone size-full wp-image-817\" src=\"http:\/\/www.memoriaemetodo.it\/corsi_tecniche_di_memoria\/wp-content\/uploads\/2015\/08\/cronometro.jpg\" alt=\"cronometro\" width=\"270\" height=\"179\" \/><\/p>\n<p>&nbsp;<\/p>\n<p><strong>Il corteggiamento, una questione di fisico<\/strong><\/p>\n<p>\u00c8 scientifico. Per &#8220;rimorchiare&#8221; bastano poche parole. E i gesti giusti. Ma perch\u00e9 nel corteggiamento contano pi\u00f9 i gesti delle parole, l&#8217;istinto pi\u00f9 della fredda razionalit\u00e0? Viaggio alla scoperta del linguaggio non verbale. Chi si somiglia si piglia o gli opposti si attraggono? Sempre il solito dilemma. Molti scienziati che studiano il comportamento umano durante il corteggiamento, dicono che tra l&#8217;idea che ci facciamo del nostro partner ideale e quello che poi realmente scegliamo c&#8217;\u00e8 una grande differenza. Questo significa che scegliere il partner &#8211; una delle cose pi\u00f9 importanti che facciamo nella vita &#8211; non \u00e8 un&#8217;operazione del tutto razionale.<\/p>\n<p>La scienza per &#8220;rimorchiare&#8221;<\/p>\n<p>Proprio per questo da anni molti si sono cimentati nel tentativo di spiegare \u201cscientificamente\u201d quella strana alchimia che porta due persone a stare insieme per un periodo o per tutta la vita. Vero banco di prova \u00e8 la fase del corteggiamento, durante la quale testiamo, pi\u00f9 o meno inconsapevolmente, il nostro potenziale partner. E se c&#8217;\u00e8 una possibilit\u00e0 che due persone diventino una coppia, molto dipende dalla prima impressione e dal primo appuntamento, quando molto forte \u00e8 la parte che chiamiamo di comunicazione non verbale. Conoscere il linguaggio non verbale \u00e8 molto utile per controllare e giudicare una situazione, anche la pi\u00f9 difficile, in questo testo vi sveliamo qualche segreto. Perch\u00e9 il nostro corpo parla; in quali situazioni il non detto \u00e8 pi\u00f9 forte delle parole; l&#8217;amore a prima vista non \u00e8 solo una questione di aspetto; compatibilit\u00e0 e incompatibilit\u00e0: quando \u00e8 il corpo a giudicare.<\/p>\n<p>Conversazioni senza discorsi<\/p>\n<p>Proprio nel tentativo di fare un po&#8217; di luce sulla questione, alcuni studiosi del MIT recentemente hanno analizzato 60 conversazioni durante uno speed date.<br \/>\nIn questa nuova forma di appuntamento al buio tra single si ha la possibilit\u00e0 di conoscere in una sola sera una ventina di persone dell&#8217;altro sesso. Ma ci sono solo tre minuti per incontrare ognuno di loro e capire, con una chiacchierata al volo, se qualcuno di questi ha le carte in regola per diventare un partner amoroso.<\/p>\n<p>Il grande orecchio<\/p>\n<p>Sandy Pentland che ha guidato la ricerca, ha realizzato un software in grado di analizzare le conversazioni e di stillare la lista dei gusti e delle preferenze, prendendo in esame il modo in cui gli sconosciuti parlano e tralasciando il contenuto dei discorsi. Per ciascuna conversazione ha analizzato il tono, il volume e le modulazioni della voce; le interruzioni, i silenzi, il ritmo delle parole e la durata del discorso di ciascuno. Una sorta di linguaggio non verbale del verbale.<\/p>\n<p>A buon ascoltatore&#8230; poche parole<\/p>\n<p>Dalla ricerca sono emersi interessanti indicazioni: le donne sono pi\u00f9 attratte dagli uomini che si mostrano buoni ascoltatori e amano essere incoraggiate mentre parlano con intercalari come \u201cok\u201d, \u201ccapisco\u201d e \u201cva avanti\u201d. Agli uomini, invece, piace quando una donna riesce a variare spesso il tono della voce. In questo modo Pentland ha cercato di prevedere il destino amoroso dell&#8217;80 per cento delle coppie. Il verdetto ha funzionato per i tre quarti delle coppie.<\/p>\n<p>Le &#8220;parole&#8221; per dirlo<\/p>\n<p>E non c&#8217;\u00e8 da stupirsi, del resto la comunicazione tra gli esseri umani \u00e8 fatta di voce per un buon 38 per cento e di parole vere e proprie solo per il 7 per cento. Mentre il resto,il 55 per cento, lo dice il nostro corpo.<br \/>\nUsiamo, infatti, il linguaggio non verbale, formato dalla mimica, dagli atteggiamenti (il modo di stare in piedi o seduti), i gesti (toccarsi il naso, la bocca, i capelli) per confermare quello che stiamo dicendo.<\/p>\n<p>E i gesti per &#8220;non dirlo&#8221;<\/p>\n<p>Ma non \u00e8 raro che, in una situazione di conflitto interiore, viceversa lo contraddica. Chi ascolta \u00e8 portato per\u00f2 istintivamente a dare credito pi\u00f9 al corpo che alle parole, perch\u00e9 \u00e8 pi\u00f9 difficile che menta. Da qui la grande importanza che affidiamo al linguaggio non verbale per giudicare le situazioni.<br \/>\nSiamo abituati a riconoscere alcuni segnali fin da piccoli quando non abbiamo nessun altro modo per interpretare gli altri. Gi\u00e0 a due mesi i bambini possono riconoscere una faccia triste da una allegra, rispondono alle boccacce e riconosco molti gesti della mamma. Veri esperti del nostro linguaggio non verbale sono i cani, che vivendo in branco, hanno sviluppato una buona capacit\u00e0 di interpretare il codice non verbale dei loro simili. E, convivendo con gli uomini da migliaia di anni, anche quello umano. Il famoso \u201cintuito\u201d dei cani, capaci di capire i nostri stati d&#8217;animo, \u00e8 legato in parte all&#8217;olfatto e in parte alla capacit\u00e0 di codificare i nostri gesti anche quelli pi\u00f9 piccoli e per noi insignificanti.<\/p>\n<p>Gesti coscienti e incoscienti<\/p>\n<p>Con i cani e con i bambini, usiamo consapevolmente il linguaggio non verbale, ma in realt\u00e0 lo usiamo pi\u00f9 o meno inconsciamente ogni volta che comunichiamo con qualcuno. E maggiormente in situazioni difficili come un primo appuntamento o un colloquio di lavoro, quando non si pu\u00f2 esprimere con le parole quello che veramente si pensa.<br \/>\nMa c&#8217;\u00e8 di pi\u00f9 nei nostri gesti. Negli anni cinquanta alcuni scienziati osservando il comportamento di alcuni gabbiani, notarono uno strano atteggiamento: l&#8217;esemplare che non riusciva ad accoppiarsi cominciava a becchettare freneticamente per terra. Gli etologi lo spiegarono come un modo per scaricare l&#8217;energia sessuale repressa. Anche se il comportamento animale non \u00e8 paragonabile a quello umano, molti piccoli gesti inconsapevoli che facciamo in determinate situazioni (per esempio buttare il collo indietro mentre si ride, spostarsi i capelli, o giocherellare con alcuni oggetti) possono servire inconsciamente ad allentare le tensioni derivate dall&#8217;energia sessuale repressa.<br \/>\nIl sesso \u00e8 infatti uno dei pi\u00f9 importanti bisogni biologici primari, preceduto solo dalla necessit\u00e0 di mangiare, bere e dormire. Ma che abbiamo imparato a controllare molto bene, creando delle tensioni che vengono espresse in determinate situazioni, senza che ce ne accorgiamo, dal linguaggio del corpo.<\/p>\n<p>Quale parte vuole l&#8217;occhio?<\/p>\n<p>Ma sono sufficienti pochi minuti, come in uno speed date, per conoscere qualcuno e capire se ci piace? Per conoscere forse no, ma sicuramente bastano per farsi un&#8217;idea. Gli esperti dicono che quattro minuti sono sufficienti per \u201cgiudicare\u201d una persona, o meglio per avere una prima impressione, che ha una grande importanza per il futuro della relazione.<br \/>\nMa su cosa ci basiamo per formarci una prima impressione? Un primo passo \u00e8 lo sguardo. Le nostre distratte occhiate verso qualcuno non sono mai del tutto innocenti. Secondo alcuni esperimenti nell&#8217;osservare una persona dell&#8217;altro sesso capita di soffermarsi sui punti pi\u00f9 interessanti dal punto di vista sessuale. Quando sono gli uomini a osservare una donna, partono dal busto e solo dopo guardano il viso, poi tendono a indugiare sulle parti scoperte, come il d\u00e9collet\u00e9 e le gambe.<br \/>\nLe donne invece osservano prima il viso, poi passano al busto e infine non disdegnano la zona del cavallo, dove si fermano per un po&#8217;, circa l&#8217;8 per cento della durata dello sguardo. Ma niente paura non \u00e8 una cosa da libidinosi, ancora una volta \u00e8 l&#8217;istinto biologico a guidarci. Osservare il buono stato fisico di alcune parti del corpo e della pelle serve per ricavare importanti informazioni sui geni e sul grado di fertilit\u00e0 di quella persona.<\/p>\n<p>Se si parla la stessa lingua<\/p>\n<p>Ma l&#8217;amore a prima vista non ha a che fare solo con gli occhi, secondo gli esperti. Il giudizio sull&#8217;aspetto fisico \u00e8 troppo sommario e superficiale. Deve esserci di pi\u00f9. Per anni gli scienziati hanno cercato di capire perch\u00e9 la prima impressione sia cos\u00ec importante, al punto, quando sia negativa, da compromettere possibili futuri rapporti. Questo succede perch\u00e9 il nostro istinto \u00e8 pi\u00f9 forte delle capacit\u00e0 intellettuali e alle primissime sensazioni che l&#8217;altro ci comunica diamo spontaneamente una grande importanza.<br \/>\nSecondo lo psicologo statunitense Robert Zajonc quando qualcuno ci piace \u201ca pelle\u201d siamo guidati dalle cosidette cognizioni calde positive che, a differenza di quelle fredde &#8211; legate al ragionamento e all&#8217;interpretazione -, sono informazioni che conquistiamo con la parte emotiva di noi e che ci dicono se ci possiamo fidare. Che cosa accada precisamente in quei pochi istanti non \u00e8 ancora del tutto chiaro, ma probabilmente molto dipende dalla comunicazione non verbale. Se due persone si piacciono, secondo gli psicologi, \u00e8 perch\u00e9 usano gli stessi stili di comunicazione non verbale e sono quindi compatibili. cronometro.jpgIn altre parole, nei primi istanti di conoscenza, le emozioni \u201cragionano\u201d al posto del cervello.<br \/>\nSar\u00e0 amore al primo gesto? Al corpo l&#8217;ultima parola&#8230;<\/p>\n<p><img loading=\"lazy\" decoding=\"async\" class=\"alignnone size-full wp-image-817\" src=\"http:\/\/www.memoriaemetodo.it\/corsi_tecniche_di_memoria\/wp-content\/uploads\/2015\/08\/cronometro.jpg\" alt=\"cronometro\" width=\"270\" height=\"179\" \/><\/p>\n<p>Parole del testo 1040 Tempo di lettura&#8230;&#8230;&#8230;&#8230;.<\/p>\n<p>Adesso calcola Quante parole al minuto hai letto con la seguente formula:<\/p>\n<p>P.A.M. = parole del testo x 60 \/ Tempo di lettura (sec)=_________<\/p>\n<p>Es. Se hai letto il testo in 5 min. 43 sec, devi trasformarlo tutto in secondi: 5&#215;60 + 43 = 343 sec.<\/p>\n<p>A questo punto P.A.M.= 1040 x 60 \/343= 181,93 parole al minuto (come verifica considera che il risultato che ottieni deve essere un numero tra 50 e 300: questo se non applichi gi\u00e0 tecniche di lettura veloce)<br \/>\nCALCOLA IL PAM= PAROLE DEL TESTO X 60\/T(SEC)<\/p>\n<p>PAM 0-150 sei sotto la media: hai la tendenza a leggere dando troppo importanza a ciascuna parola separata. Devi allenare l\u2019ampliamento del campo visivo e il movimento di velocit\u00e0 dell\u2019occhio. Il corso di lettura veloce ti sarebbe molto utile per esercitarti su questo<\/p>\n<p>PAM 151-200 sei in perfetta media. Partecipando ad un corso di lettura veloce puoi ottenere risultati buoni. Ti viene garantito il doppio della velocit\u00e0<\/p>\n<p>PAM + 200 sei sopra la media. Probabilmente gi\u00e0 alcuni difetti sono poco presenti nel tuo modo di leggere. Parti gi\u00e0 avvantaggiato e potresti ottenere risultati notevoli con un corso adeguato. Pensa che il risultato pi\u00f9 alto ottenuto \u00e8 stato di 24000 PAM con comprensione 95%. Non voglio crearti illusioni ma prevedo un buon risultato finale per te.<br \/>\nE adesso prova a rispondere alle domande di comprensione. Ad ogni risposta c\u2019\u00e8 un punteggio da attribuire; somma i punteggi delle risposte corrette.<\/p>\n<p>Adesso rispondi alle domande qui di seguito Cosa prevale nel corteggiamento? \u2026\u2026\u2026\u2026\u2026\u2026\u2026\u2026\u2026\u2026\u2026\u2026\u2026\u2026\u2026\u2026\u2026\u2026\u2026..5 punti<\/p>\n<p>Cosa \u00e8 uno speed date e come funziona?&#8230;&#8230;&#8230;&#8230;&#8230;&#8230;&#8230;&#8230;&#8230;&#8230;&#8230;..10 punti<\/p>\n<p>Chi \u00e8 Sandy Pertland? Cosa ha fatto?&#8230;&#8230;&#8230;&#8230;&#8230;&#8230;&#8230;&#8230;&#8230;&#8230;&#8230;&#8230;&#8230;.10 punti<\/p>\n<p>Cosa \u00e8 emerso dalla ricerca? Cosa piace alla donne? E agli uomini?&#8230;15 punti (5 per ogni risposta giusta)<\/p>\n<p>La comunicazione da cosa \u00e8 formata e in che percentuali?&#8230;&#8230;&#8230;..10 punti<\/p>\n<p>Chi sono gli esperti di comunicazione non verbale?&#8230;&#8230;&#8230;&#8230;&#8230;&#8230;&#8230;.10 punti<\/p>\n<p>Cosa notarono gli etologi osservando i gabbiani?&#8230;&#8230;&#8230;&#8230;&#8230;&#8230;&#8230;&#8230;.10 punti<\/p>\n<p>In quanto tempo si \u201cgiudica\u201d una persona?&#8230;&#8230;&#8230;&#8230;&#8230;&#8230;&#8230;&#8230;&#8230;&#8230;&#8230;5 punti<\/p>\n<p>Durante il corteggiamento, su cosa concentrano l\u2019attenzione gli uomini? Su cosa le donne?&#8230;&#8230;&#8230;&#8230;&#8230;&#8230;&#8230;&#8230;15 punti (5 per ogni risposta giusta)<\/p>\n<p>Cosa sono le cognizioni calde positive?&#8230;&#8230;&#8230;&#8230;&#8230;&#8230;&#8230;&#8230;&#8230;&#8230;&#8230;&#8230;..10 punti<\/p>\n<p>Adesso controlla le risposte con il testo e fai la somma dei punti relativi a quelle corrette. Se hai risposto a tutto hai ottenuto 100 % di comprensione. Probabilmente per\u00f2, avrai ottenuto un risultato inferiore al 100%. Questo per farti riflettere che anche leggendo con il tuo metodo attuale non si capisce tutto alla prima lettura. Durante la lettura tendiamo a distrarci ed a ricordare solo quello che pi\u00f9 ci colpisce.<\/p>\n<p>La domanda che spesso viene fatta da un futuro partecipante al corso di lettura veloce \u00e8: ma se vado pi\u00f9 veloce, capisco lo stesso? La risposta \u00e8 che la comprensione di solito tende ad aumentare perch\u00e9 ci si distrae di meno. Se stai guidando, sei pi\u00f9 concentrato se percorri una strada a 50 Km\/h o a 200 Km\/h? sicuramente nel secondo caso. Nella lettura succede la stessa cosa: pi\u00f9 vado veloce, meno mi distraggo e pi\u00f9 capisco.<\/p>\n<p>Leggi il programma del corso <a href=\"http:\/\/www.memoriaemetodo.it\/corsi_tecniche_di_memoria\/modulo-2-lettura-veloce-parlare-in-pubblico\/\">Lettura &amp; Metodo &#8211; Modulo 2<\/a><\/p>\n","protected":false},"excerpt":{"rendered":"<p> <a class=\"more-link\" href=\"https:\/\/www.memoriaemetodo.it\/corsi_tecniche_di_memoria\/test-iniziale-di-lettura\/\">Continua a leggere &#8230;<\/a><\/p>\n","protected":false},"author":1,"featured_media":0,"parent":0,"menu_order":0,"comment_status":"closed","ping_status":"closed","template":"","meta":{"footnotes":""},"class_list":["post-153","page","type-page","status-publish","hentry"],"_links":{"self":[{"href":"https:\/\/www.memoriaemetodo.it\/corsi_tecniche_di_memoria\/wp-json\/wp\/v2\/pages\/153","targetHints":{"allow":["GET"]}}],"collection":[{"href":"https:\/\/www.memoriaemetodo.it\/corsi_tecniche_di_memoria\/wp-json\/wp\/v2\/pages"}],"about":[{"href":"https:\/\/www.memoriaemetodo.it\/corsi_tecniche_di_memoria\/wp-json\/wp\/v2\/types\/page"}],"author":[{"embeddable":true,"href":"https:\/\/www.memoriaemetodo.it\/corsi_tecniche_di_memoria\/wp-json\/wp\/v2\/users\/1"}],"replies":[{"embeddable":true,"href":"https:\/\/www.memoriaemetodo.it\/corsi_tecniche_di_memoria\/wp-json\/wp\/v2\/comments?post=153"}],"version-history":[{"count":4,"href":"https:\/\/www.memoriaemetodo.it\/corsi_tecniche_di_memoria\/wp-json\/wp\/v2\/pages\/153\/revisions"}],"predecessor-version":[{"id":899,"href":"https:\/\/www.memoriaemetodo.it\/corsi_tecniche_di_memoria\/wp-json\/wp\/v2\/pages\/153\/revisions\/899"}],"wp:attachment":[{"href":"https:\/\/www.memoriaemetodo.it\/corsi_tecniche_di_memoria\/wp-json\/wp\/v2\/media?parent=153"}],"curies":[{"name":"wp","href":"https:\/\/api.w.org\/{rel}","templated":true}]}}